{"id":709,"date":"2020-04-04T15:39:08","date_gmt":"2020-04-04T15:39:08","guid":{"rendered":"https:\/\/prowsys.pl\/polityka-prywatnosci\/"},"modified":"2022-05-31T07:49:18","modified_gmt":"2022-05-31T07:49:18","slug":"privacy-policy","status":"publish","type":"page","link":"https:\/\/prowsys.pl\/en\/privacy-policy\/","title":{"rendered":"Privacy Policy"},"content":{"rendered":"\n<p><strong>PRIVACY POLICY PWS PROGRESSIVE WEAPON SYSTEMS SP\u00d3\u0141KA Z OGRANICZON\u0104 ODPOWIEDZIALNO\u015aCI\u0104 SP\u00d3\u0141KA KOMANDYTOWA<\/strong><\/p>\n\n\n\n<p><strong><strong>PERSONAL DATA ADMINISTRATOR:<\/strong><\/strong><\/p>\n\n\n\n<p>Administratorem Pa\u0144stwa danych osobowych jest PWS PROGRESSIVE WEAPON SYSTEMS SP\u00d3\u0141KA Z OGRANICZON\u0104 ODPOWIEDZIALNO\u015aCI\u0104 SP\u00d3\u0141KA KOMANDYTOWA ul. Pl. Wolno\u015bci 9\/44, 43-300 Bielsko \u2013 BThe administrator of your personal data is PWS PROGRESSIVE WEAPON SYSTEMS SP\u00d3\u0141KA Z OGRANICZON\u0104 ODPOWIEDZIALNO\u015aCI\u0104 SP\u00d3\u0141KA KOMANDYTOWA ul. Wolno\u015bci 9\/44, 43-300 Bielsko &#8211; Bia\u0142a, the Company is entered in the Register of Entrepreneurs maintained by the District Court of Bielsko &#8211; Biala, VIII Commercial Division of the National Court Register under the number KRS: 0000800778, NIP 9372723604, REGON: 384183610.<\/p>\n\n\n\n<p><strong><strong>GENERAL PRINCIPLES<\/strong>:<\/strong><\/p>\n\n\n\n<p>a) This Privacy Policy is a document governing the processing of personal data by the Administrator.<\/p>\n\n\n\n<p>b) The introduction of the Privacy Policy aims to ensure compliance with the RODO (Regulation (EU) 2016\/679 of the European Parliament and of the Council of 27 April 2016 on the protection of individuals with regard to the processing of personal data and on the free movement of such data and repealing Directive 95\/46\/EC) on the processing of personal data Administrator.<\/p>\n\n\n\n<p>c) In connection with the activities of the Administrator, your data is collected (including RODO) on the basis of the principles applicable to them, such as:<\/p>\n\n\n\n<ul><li>the principle of legality. The administrator must ensure that his processing of personal data is lawful, i.e. either in accordance with Article 6(1) or Article 9(2) or Article 10 of the RODO,<\/li><li>principle of temporary limitation. The administrator ensures the processing of personal data only for the time necessary for the purposes of processing,<\/li><li>the principle of fairness and transparency. The administrator must ensure the fairness and transparency of the processing of personal data and inform about the processing of personal data at the time of their collection,<\/li><li>principle of target limitation. The Administrator must ensure that personal data is collected for specific and legitimate purposes,<\/li><li>principle of accuracy. The administrator must ensure that the personal data processed by him is correct and, if necessary, updated,<\/li><li>principle of minimization. The administrator must ensure that he processes data only in the volume necessary to fulfill the intended purpose,<\/li><li>The Administrator must ensure that the Policy is followed by all employees and assistants of the Administrator, as well as subcontractors,<\/li><li>the principle of integrity and confidentiality. The administrator must ensure the security of personal data, including protection against unauthorized or unlawful processing, as well as accidental loss, destruction or damage,<\/li><li>the principle of accountability. The Administrator, through appropriate technical and organizational measures, must ensure that it is possible to demonstrate the compliance of the processing of personal data with the GDPR and other provisions relating to personal data,<\/li><li>rules \u0449\u0430 continuity. The administrator must ensure that the organization complies with the requirements for the protection of personal data. \u00a0\u00a0\u00a0 He monitors, in particular, changes in legislation, guidelines from national and international authorities on the protection of personal data and the case law of courts and tribunals, and takes into account market best practices in this regard.<\/li><\/ul>\n\n\n\n<p><strong><strong>TRANSFER OF PERSONAL DATA TO A THIRD COUNTRY<\/strong>:<\/strong><\/p>\n\n\n\n<p>Administrator nie przekazuje Pa\u0144stwa Danych osobowych do pa\u0144stwa trzeciego, niemniej w przypadku zThe Administrator does not transfer your Personal Data to a third country, but if necessary, the Administrator transfers them, ensuring an adequate level of protection.<\/p>\n\n\n\n<p><strong><strong>EXCHANGE AND PROVISION OF PERSONAL DATA:<\/strong><\/strong><\/p>\n\n\n\n<p>The Administrator provides your Personal Data to another Administrator only if one of the conditions referred to in Article 6(1) or Article 9(2) of the RODO (Regulation (EU) 2016\/679 of the European Parliament and of the Council of 27 April 2016 on the protection of natural persons against regarding the processing of personal data and on the free movement of such data and repealing Directive 95\/46\/EC). On the other hand, the assignment of the processing of your Personal Data by the Administrator takes place on the basis of an agreement on the assignment of data processing or another legal document referred to in Article 28 of the RODO.<\/p>\n\n\n\n<p><strong><strong>CONTACT WITH ADMINISTRATOR:<\/strong><\/strong><\/p>\n\n\n\n<p>Administrator udziela Podmiotom danych informacji na pi\u015bmie lub w inny spos\u00f3b, w tym w stosownych przypadkach \u2013 elektronicznie. Administrator umo\u017cliwia wykonywanie praw wynikaj\u0105cych z art. 15-22 RODO (Rozporz\u0105dzenie Parlamentu Europejskiego i Rady (UE) 2016\/679 z dnia 27 kwietnia 2016 roku w sprawie ochrony os\u00f3b fizycznych w zwi\u0105zku z przetwarzaniem danych osobowych i w sprawie swobodnego przep\u0142ywu takich danych oraz uchylenia dyrektywy 95\/46\/WThe Administrator shall provide information to the Data Subjects in writing or by other means, including electronic, when necessary. The administrator must ensure that the rights provided for in Articles 15-22 of the RODO (Regulation (EU) 2016\/679 of the European Parliament and of the Council of 27 April 2016 on the protection of natural persons with regard to the processing of personal data and on the free movement of such data and repealing Directive 95\/ 46\/EC).<\/p>\n\n\n\n<p><strong><strong>EXERCISE OF THE RIGHTS OF DATA SUBJECTS:<\/strong><\/strong><\/p>\n\n\n\n<ul><li>request access to your personal data, rectification, deletion, obtaining a copy of the data or restriction of their processing, as well as the right to data portability,<\/li><li>object to the processing of your personal data,<\/li><li>make a complaint with the supervisory authority. In Poland, this is the Chairman of the Office for Personal Data Protection (Urz\u0105d Ochrony Danych Osobowych).<\/li><\/ul>\n\n\n\n<p><strong><strong>PERSONAL DATA VIOLATION:<\/strong><\/strong><\/p>\n\n\n\n<p>Administrator zapewnia, \u017ce zg\u0142aszanie narusze\u0144 ochrony Danych osobowych b\u0119dzie przekazywa\u0142 OrThe administrator must ensure that a notice of a personal data violation is filed with a supervisory authority, unless the violation will unlikely result in a risk of prejudice to the rights or freedoms of natural persons. The administrator must investigate the violation and, if necessary, implement appropriate organizational and technical protection measures.<\/p>\n","protected":false},"excerpt":{"rendered":"<p>PRIVACY POLICY PWS PROGRESSIVE WEAPON SYSTEMS SP\u00d3\u0141KA Z OGRANICZON\u0104 ODPOWIEDZIALNO\u015aCI\u0104 SP\u00d3\u0141KA KOMANDYTOWA PERSONAL DATA ADMINISTRATOR: Administratorem Pa\u0144stwa danych osobowych jest PWS PROGRESSIVE WEAPON SYSTEMS SP\u00d3\u0141KA Z OGRANICZON\u0104 ODPOWIEDZIALNO\u015aCI\u0104 SP\u00d3\u0141KA KOMANDYTOWA ul. Pl. Wolno\u015bci 9\/44, 43-300 Bielsko \u2013 BThe administrator of your personal data is PWS PROGRESSIVE WEAPON SYSTEMS SP\u00d3\u0141KA Z OGRANICZON\u0104 ODPOWIEDZIALNO\u015aCI\u0104 SP\u00d3\u0141KA KOMANDYTOWA ul. [&hellip;]<\/p>\n","protected":false},"author":1,"featured_media":0,"parent":0,"menu_order":0,"comment_status":"closed","ping_status":"open","template":"","meta":[],"_links":{"self":[{"href":"https:\/\/prowsys.pl\/en\/wp-json\/wp\/v2\/pages\/709"}],"collection":[{"href":"https:\/\/prowsys.pl\/en\/wp-json\/wp\/v2\/pages"}],"about":[{"href":"https:\/\/prowsys.pl\/en\/wp-json\/wp\/v2\/types\/page"}],"author":[{"embeddable":true,"href":"https:\/\/prowsys.pl\/en\/wp-json\/wp\/v2\/users\/1"}],"replies":[{"embeddable":true,"href":"https:\/\/prowsys.pl\/en\/wp-json\/wp\/v2\/comments?post=709"}],"version-history":[{"count":2,"href":"https:\/\/prowsys.pl\/en\/wp-json\/wp\/v2\/pages\/709\/revisions"}],"predecessor-version":[{"id":722,"href":"https:\/\/prowsys.pl\/en\/wp-json\/wp\/v2\/pages\/709\/revisions\/722"}],"wp:attachment":[{"href":"https:\/\/prowsys.pl\/en\/wp-json\/wp\/v2\/media?parent=709"}],"curies":[{"name":"wp","href":"https:\/\/api.w.org\/{rel}","templated":true}]}}